{"id":256,"date":"2023-09-27T05:59:53","date_gmt":"2023-09-27T05:59:53","guid":{"rendered":"https:\/\/del-normalien.de\/?page_id=256"},"modified":"2024-10-22T07:50:23","modified_gmt":"2024-10-22T07:50:23","slug":"christmas","status":"publish","type":"page","link":"https:\/\/del-normalien.de\/index.php\/christmas\/","title":{"rendered":"christmas"},"content":{"rendered":"<p>[et_pb_section fb_built=&#8220;1&#8243; admin_label=&#8220;section&#8220; _builder_version=&#8220;4.22.2&#8243; global_colors_info=&#8220;{}&#8220;][et_pb_row use_custom_gutter=&#8220;on&#8220; admin_label=&#8220;row&#8220; _builder_version=&#8220;4.22.2&#8243; background_size=&#8220;initial&#8220; background_position=&#8220;top_left&#8220; background_repeat=&#8220;repeat&#8220; width=&#8220;92%&#8220; max_width=&#8220;1280px&#8220; global_colors_info=&#8220;{}&#8220;][et_pb_column type=&#8220;4_4&#8243; _builder_version=&#8220;4.16&#8243; custom_padding=&#8220;|||&#8220; global_colors_info=&#8220;{}&#8220; custom_padding__hover=&#8220;|||&#8220;][et_pb_text _builder_version=&#8220;4.23.1&#8243; background_size=&#8220;initial&#8220; background_position=&#8220;top_left&#8220; background_repeat=&#8220;repeat&#8220; vertical_offset_tablet=&#8220;0&#8243; horizontal_offset_tablet=&#8220;0&#8243; hover_enabled=&#8220;0&#8243; z_index_tablet=&#8220;0&#8243; text_text_shadow_horizontal_length_tablet=&#8220;0px&#8220; text_text_shadow_vertical_length_tablet=&#8220;0px&#8220; text_text_shadow_blur_strength_tablet=&#8220;1px&#8220; link_text_shadow_horizontal_length_tablet=&#8220;0px&#8220; link_text_shadow_vertical_length_tablet=&#8220;0px&#8220; link_text_shadow_blur_strength_tablet=&#8220;1px&#8220; ul_text_shadow_horizontal_length_tablet=&#8220;0px&#8220; ul_text_shadow_vertical_length_tablet=&#8220;0px&#8220; ul_text_shadow_blur_strength_tablet=&#8220;1px&#8220; ol_text_shadow_horizontal_length_tablet=&#8220;0px&#8220; ol_text_shadow_vertical_length_tablet=&#8220;0px&#8220; ol_text_shadow_blur_strength_tablet=&#8220;1px&#8220; quote_text_shadow_horizontal_length_tablet=&#8220;0px&#8220; quote_text_shadow_vertical_length_tablet=&#8220;0px&#8220; quote_text_shadow_blur_strength_tablet=&#8220;1px&#8220; header_text_shadow_horizontal_length_tablet=&#8220;0px&#8220; header_text_shadow_vertical_length_tablet=&#8220;0px&#8220; header_text_shadow_blur_strength_tablet=&#8220;1px&#8220; header_2_text_shadow_horizontal_length_tablet=&#8220;0px&#8220; header_2_text_shadow_vertical_length_tablet=&#8220;0px&#8220; header_2_text_shadow_blur_strength_tablet=&#8220;1px&#8220; header_3_text_shadow_horizontal_length_tablet=&#8220;0px&#8220; header_3_text_shadow_vertical_length_tablet=&#8220;0px&#8220; header_3_text_shadow_blur_strength_tablet=&#8220;1px&#8220; header_4_text_shadow_horizontal_length_tablet=&#8220;0px&#8220; header_4_text_shadow_vertical_length_tablet=&#8220;0px&#8220; header_4_text_shadow_blur_strength_tablet=&#8220;1px&#8220; header_5_text_shadow_horizontal_length_tablet=&#8220;0px&#8220; header_5_text_shadow_vertical_length_tablet=&#8220;0px&#8220; header_5_text_shadow_blur_strength_tablet=&#8220;1px&#8220; header_6_text_shadow_horizontal_length_tablet=&#8220;0px&#8220; header_6_text_shadow_vertical_length_tablet=&#8220;0px&#8220; header_6_text_shadow_blur_strength_tablet=&#8220;1px&#8220; box_shadow_horizontal_tablet=&#8220;0px&#8220; box_shadow_vertical_tablet=&#8220;0px&#8220; box_shadow_blur_tablet=&#8220;40px&#8220; box_shadow_spread_tablet=&#8220;0px&#8220; global_colors_info=&#8220;{}&#8220; sticky_enabled=&#8220;0&#8243;]<\/p>\n<div class=\"santapress-container w-24-doors with-snow tr hiddenmode\" data-timeout=800 data-trigger=.show-calendar data-snowcond=\"modal\" data-snowtype=\"santapress\"><h1 class=\"santapress-title\">Die Weihnachtszeit r\u00fcckt n\u00e4her!<\/h1><h2 class=\"santapress-subtitle\">Jeden Tag wartet hier ein neues weihnachtliches Angebot auf Sie. Verpassen Sie nicht t\u00e4glich vorbeizuschauen um ihre exklusiven Rabatte zu sichern. Wir w\u00fcnschen Ihnen ein besinnliches Weihnachtsfest!<\/h2><a href=\"javascript:void(0);\" id=\"sp-close-hidden-mode\"><\/a><div id=\"santapress-trigger\"><span class=\"show-calendar\"><\/span><\/div><div class=\"santapress-door status-publish door-past santapress-layout-01\" data-postid=\"232\"><div class=\"santapress-door-inner\"><a href=\"https:\/\/del-normalien.de\/index.php\/door\/1\/\" class=\"santapress-modal\"><img decoding=\"async\" src=\"https:\/\/del-normalien.de\/wp-content\/plugins\/santapress\/public\/img\/01\/1.png\" alt=\"door-T\u00fcrchen 1\" \/><\/a><\/div><\/div><div class=\"santapress-door status-publish door-past santapress-layout-01\" data-postid=\"233\"><div class=\"santapress-door-inner\"><a href=\"https:\/\/del-normalien.de\/index.php\/door\/2\/\" class=\"santapress-modal\"><img decoding=\"async\" src=\"https:\/\/del-normalien.de\/wp-content\/plugins\/santapress\/public\/img\/01\/2.png\" alt=\"door-T\u00fcrchen 2\" \/><\/a><\/div><\/div><div class=\"santapress-door status-publish door-past santapress-layout-01\" data-postid=\"234\"><div class=\"santapress-door-inner\"><a href=\"https:\/\/del-normalien.de\/index.php\/door\/3\/\" class=\"santapress-modal\"><img decoding=\"async\" src=\"https:\/\/del-normalien.de\/wp-content\/plugins\/santapress\/public\/img\/01\/3.png\" alt=\"door-T\u00fcrchen 3\" \/><\/a><\/div><\/div><div class=\"santapress-door status-publish door-past santapress-layout-01\" data-postid=\"235\"><div class=\"santapress-door-inner\"><a href=\"https:\/\/del-normalien.de\/index.php\/door\/4\/\" class=\"santapress-modal\"><img decoding=\"async\" src=\"https:\/\/del-normalien.de\/wp-content\/plugins\/santapress\/public\/img\/01\/4.png\" alt=\"door-T\u00fcrchen 4\" \/><\/a><\/div><\/div><div class=\"santapress-door status-publish door-past santapress-layout-01\" data-postid=\"236\"><div class=\"santapress-door-inner\"><a href=\"https:\/\/del-normalien.de\/index.php\/door\/5\/\" class=\"santapress-modal\"><img decoding=\"async\" src=\"https:\/\/del-normalien.de\/wp-content\/plugins\/santapress\/public\/img\/01\/5.png\" alt=\"door-T\u00fcrchen 5\" \/><\/a><\/div><\/div><div class=\"santapress-door status-publish door-past santapress-layout-01\" data-postid=\"237\"><div class=\"santapress-door-inner\"><a href=\"https:\/\/del-normalien.de\/index.php\/door\/6\/\" class=\"santapress-modal\"><img decoding=\"async\" src=\"https:\/\/del-normalien.de\/wp-content\/plugins\/santapress\/public\/img\/01\/6.png\" alt=\"door-T\u00fcrchen 6\" \/><\/a><\/div><\/div><div class=\"santapress-door status-publish door-past santapress-layout-01\" data-postid=\"238\"><div class=\"santapress-door-inner\"><a href=\"https:\/\/del-normalien.de\/index.php\/door\/7\/\" class=\"santapress-modal\"><img decoding=\"async\" src=\"https:\/\/del-normalien.de\/wp-content\/plugins\/santapress\/public\/img\/01\/7.png\" alt=\"door-T\u00fcrchen 7\" \/><\/a><\/div><\/div><div class=\"santapress-door status-publish door-past santapress-layout-01\" data-postid=\"239\"><div class=\"santapress-door-inner\"><a href=\"https:\/\/del-normalien.de\/index.php\/door\/8\/\" class=\"santapress-modal\"><img decoding=\"async\" src=\"https:\/\/del-normalien.de\/wp-content\/plugins\/santapress\/public\/img\/01\/8.png\" alt=\"door-T\u00fcrchen 8\" \/><\/a><\/div><\/div><div class=\"santapress-door status-publish door-past santapress-layout-01\" data-postid=\"240\"><div class=\"santapress-door-inner\"><a href=\"https:\/\/del-normalien.de\/index.php\/door\/9\/\" class=\"santapress-modal\"><img decoding=\"async\" src=\"https:\/\/del-normalien.de\/wp-content\/plugins\/santapress\/public\/img\/01\/9.png\" alt=\"door-T\u00fcrchen 9\" \/><\/a><\/div><\/div><div class=\"santapress-door status-publish door-past santapress-layout-01\" data-postid=\"241\"><div class=\"santapress-door-inner\"><a href=\"https:\/\/del-normalien.de\/index.php\/door\/10\/\" class=\"santapress-modal\"><img decoding=\"async\" src=\"https:\/\/del-normalien.de\/wp-content\/plugins\/santapress\/public\/img\/01\/10.png\" alt=\"door-T\u00fcrchen 10\" \/><\/a><\/div><\/div><div class=\"santapress-door status-publish door-past santapress-layout-01\" data-postid=\"242\"><div class=\"santapress-door-inner\"><a href=\"https:\/\/del-normalien.de\/index.php\/door\/11\/\" class=\"santapress-modal\"><img decoding=\"async\" src=\"https:\/\/del-normalien.de\/wp-content\/plugins\/santapress\/public\/img\/01\/11.png\" alt=\"door-T\u00fcrchen 11\" \/><\/a><\/div><\/div><div class=\"santapress-door status-publish door-past santapress-layout-01\" data-postid=\"243\"><div class=\"santapress-door-inner\"><a href=\"https:\/\/del-normalien.de\/index.php\/door\/12\/\" class=\"santapress-modal\"><img decoding=\"async\" src=\"https:\/\/del-normalien.de\/wp-content\/plugins\/santapress\/public\/img\/01\/12.png\" alt=\"door-T\u00fcrchen 12\" \/><\/a><\/div><\/div><div class=\"santapress-door status-publish door-past santapress-layout-01\" data-postid=\"244\"><div class=\"santapress-door-inner\"><a href=\"https:\/\/del-normalien.de\/index.php\/door\/13\/\" class=\"santapress-modal\"><img decoding=\"async\" src=\"https:\/\/del-normalien.de\/wp-content\/plugins\/santapress\/public\/img\/01\/13.png\" alt=\"door-T\u00fcrchen 13\" \/><\/a><\/div><\/div><div class=\"santapress-door status-publish door-past santapress-layout-01\" data-postid=\"245\"><div class=\"santapress-door-inner\"><a href=\"https:\/\/del-normalien.de\/index.php\/door\/14\/\" class=\"santapress-modal\"><img decoding=\"async\" src=\"https:\/\/del-normalien.de\/wp-content\/plugins\/santapress\/public\/img\/01\/14.png\" alt=\"door-T\u00fcrchen 14\" \/><\/a><\/div><\/div><div class=\"santapress-door status-publish door-past santapress-layout-01\" data-postid=\"246\"><div class=\"santapress-door-inner\"><a href=\"https:\/\/del-normalien.de\/index.php\/door\/15\/\" class=\"santapress-modal\"><img decoding=\"async\" src=\"https:\/\/del-normalien.de\/wp-content\/plugins\/santapress\/public\/img\/01\/15.png\" alt=\"door-T\u00fcrchen 15\" \/><\/a><\/div><\/div><div class=\"santapress-door status-publish door-past santapress-layout-01\" data-postid=\"247\"><div class=\"santapress-door-inner\"><a href=\"https:\/\/del-normalien.de\/index.php\/door\/16\/\" class=\"santapress-modal\"><img decoding=\"async\" src=\"https:\/\/del-normalien.de\/wp-content\/plugins\/santapress\/public\/img\/01\/16.png\" alt=\"door-T\u00fcrchen 16\" \/><\/a><\/div><\/div><div class=\"santapress-door status-publish door-past santapress-layout-01\" data-postid=\"248\"><div class=\"santapress-door-inner\"><a href=\"https:\/\/del-normalien.de\/index.php\/door\/17\/\" class=\"santapress-modal\"><img decoding=\"async\" src=\"https:\/\/del-normalien.de\/wp-content\/plugins\/santapress\/public\/img\/01\/17.png\" alt=\"door-T\u00fcrchen 17\" \/><\/a><\/div><\/div><div class=\"santapress-door status-publish door-past santapress-layout-01\" data-postid=\"249\"><div class=\"santapress-door-inner\"><a href=\"https:\/\/del-normalien.de\/index.php\/door\/18\/\" class=\"santapress-modal\"><img decoding=\"async\" src=\"https:\/\/del-normalien.de\/wp-content\/plugins\/santapress\/public\/img\/01\/18.png\" alt=\"door-T\u00fcrchen 18\" \/><\/a><\/div><\/div><div class=\"santapress-door status-publish door-past santapress-layout-01\" data-postid=\"250\"><div class=\"santapress-door-inner\"><a href=\"https:\/\/del-normalien.de\/index.php\/door\/19\/\" class=\"santapress-modal\"><img decoding=\"async\" src=\"https:\/\/del-normalien.de\/wp-content\/plugins\/santapress\/public\/img\/01\/19.png\" alt=\"door-T\u00fcrchen 19\" \/><\/a><\/div><\/div><div class=\"santapress-door status-publish door-past santapress-layout-01\" data-postid=\"251\"><div class=\"santapress-door-inner\"><a href=\"https:\/\/del-normalien.de\/index.php\/door\/20\/\" class=\"santapress-modal\"><img decoding=\"async\" src=\"https:\/\/del-normalien.de\/wp-content\/plugins\/santapress\/public\/img\/01\/20.png\" alt=\"door-T\u00fcrchen 20\" \/><\/a><\/div><\/div><div class=\"santapress-door status-publish door-past santapress-layout-01\" data-postid=\"252\"><div class=\"santapress-door-inner\"><a href=\"https:\/\/del-normalien.de\/index.php\/door\/21\/\" class=\"santapress-modal\"><img decoding=\"async\" src=\"https:\/\/del-normalien.de\/wp-content\/plugins\/santapress\/public\/img\/01\/21.png\" alt=\"door-T\u00fcrchen 21\" \/><\/a><\/div><\/div><div class=\"santapress-door status-publish door-past santapress-layout-01\" data-postid=\"253\"><div class=\"santapress-door-inner\"><a href=\"https:\/\/del-normalien.de\/index.php\/door\/22\/\" class=\"santapress-modal\"><img decoding=\"async\" src=\"https:\/\/del-normalien.de\/wp-content\/plugins\/santapress\/public\/img\/01\/22.png\" alt=\"door-T\u00fcrchen 22\" \/><\/a><\/div><\/div><div class=\"santapress-door status-publish door-past santapress-layout-01\" data-postid=\"254\"><div class=\"santapress-door-inner\"><a href=\"https:\/\/del-normalien.de\/index.php\/door\/23\/\" class=\"santapress-modal\"><img decoding=\"async\" src=\"https:\/\/del-normalien.de\/wp-content\/plugins\/santapress\/public\/img\/01\/23.png\" alt=\"door-T\u00fcrchen 23\" \/><\/a><\/div><\/div><div class=\"santapress-door status-publish door-past santapress-layout-01\" data-postid=\"255\"><div class=\"santapress-door-inner\"><a href=\"https:\/\/del-normalien.de\/index.php\/door\/24\/\" class=\"santapress-modal\"><img decoding=\"async\" src=\"https:\/\/del-normalien.de\/wp-content\/plugins\/santapress\/public\/img\/01\/24.png\" alt=\"door-T\u00fcrchen 24\" \/><\/a><\/div><\/div><input type=\"hidden\" name=\"sp-nonce\" id=\"sp-nonce\" value=\"9968e3997e\"><\/div> <!-- \/.santapress-container -->\n<p>[\/et_pb_text][et_pb_image src=&#8220;https:\/\/del-normalien.de\/wp-content\/uploads\/2023\/10\/image-26-1-197&#215;300.png&#8220; title_text=&#8220;image 26&#8243; align=&#8220;center&#8220; _builder_version=&#8220;4.23&#8243; _module_preset=&#8220;default&#8220; global_colors_info=&#8220;{}&#8220;][\/et_pb_image][et_pb_text _builder_version=&#8220;4.23&#8243; _module_preset=&#8220;default&#8220; global_colors_info=&#8220;{}&#8220;]<\/p>\n<p style=\"text-align: center;\"><strong>Entdecken Sie mit unserem Adventskalender t\u00e4gliche Rabatte bis zum 24. Dezember!<\/strong><\/p>\n<p style=\"text-align: center;\">Tauchen Sie in die festliche Jahreszeit ein und \u00f6ffnen Sie<strong> t\u00e4glich ein T\u00fcrchen<\/strong> unseres digitalen Adventskalenders. Hinter jeder T\u00fcr verbirgt sich eine <strong>exklusive Rabattaktion<\/strong> f\u00fcr unser breites Sortiment.<\/p>\n<p style=\"text-align: center;\">Freuen Sie sich auf <strong>individuelle Angebote, Rabatte und \u00dcberraschungen<\/strong> f\u00fcr verschiedenste Produkte \u2013 <strong>jeden Tag bis Weihnachten<\/strong>! Machen Sie Ihr Fest noch sch\u00f6ner, indem Sie t\u00e4glich bei uns vorbeischauen und kr\u00e4ftig <strong>sparen<\/strong>.<\/p>\n<p style=\"text-align: center;\">Verpassen Sie nicht die Chance, von unseren besonderen Angeboten zu profitieren. Besuchen Sie unsere Website und lassen Sie sich t\u00e4glich \u00fcberraschen! Besuchen Sie uns <strong>ab dem 1. Dezember<\/strong> und entdecken Sie, was sich hinter dem n\u00e4chsten T\u00fcrchen verbirgt!<\/p>\n<p style=\"text-align: center;\">Ihr <strong>DEL-Normalien<\/strong> Team<br \/>\nw\u00fcnscht Ihnen <strong>frohe Weihnachten<\/strong> und viel Spa\u00df beim Entdecken!<\/p>\n<p>[\/et_pb_text][\/et_pb_column][\/et_pb_row][\/et_pb_section]<\/p>\n","protected":false},"excerpt":{"rendered":"<p><div class=\"santapress-container w-24-doors with-snow tr hiddenmode\" data-timeout=800 data-trigger=.show-calendar data-snowcond=\"modal\" data-snowtype=\"santapress\"><h1 class=\"santapress-title\">Die Weihnachtszeit r\u00fcckt n\u00e4her!<\/h1><h2 class=\"santapress-subtitle\">Jeden Tag wartet hier ein neues weihnachtliches Angebot auf Sie. Verpassen Sie nicht t\u00e4glich vorbeizuschauen um ihre exklusiven Rabatte zu sichern. Wir w\u00fcnschen Ihnen ein besinnliches Weihnachtsfest!<\/h2><a href=\"javascript:void(0);\" id=\"sp-close-hidden-mode\"><\/a><div id=\"santapress-trigger\"><span class=\"show-calendar\"><\/span><\/div><div class=\"santapress-door status-publish door-past santapress-layout-01\" data-postid=\"232\"><div class=\"santapress-door-inner\"><a href=\"https:\/\/del-normalien.de\/index.php\/door\/1\/\" class=\"santapress-modal\"><img decoding=\"async\" src=\"https:\/\/del-normalien.de\/wp-content\/plugins\/santapress\/public\/img\/01\/1.png\" alt=\"door-T\u00fcrchen 1\" \/><\/a><\/div><\/div><div class=\"santapress-door status-publish door-past santapress-layout-01\" data-postid=\"233\"><div class=\"santapress-door-inner\"><a href=\"https:\/\/del-normalien.de\/index.php\/door\/2\/\" class=\"santapress-modal\"><img decoding=\"async\" src=\"https:\/\/del-normalien.de\/wp-content\/plugins\/santapress\/public\/img\/01\/2.png\" alt=\"door-T\u00fcrchen 2\" \/><\/a><\/div><\/div><div class=\"santapress-door status-publish door-past santapress-layout-01\" data-postid=\"234\"><div class=\"santapress-door-inner\"><a href=\"https:\/\/del-normalien.de\/index.php\/door\/3\/\" class=\"santapress-modal\"><img decoding=\"async\" src=\"https:\/\/del-normalien.de\/wp-content\/plugins\/santapress\/public\/img\/01\/3.png\" alt=\"door-T\u00fcrchen 3\" \/><\/a><\/div><\/div><div class=\"santapress-door status-publish door-past santapress-layout-01\" data-postid=\"235\"><div class=\"santapress-door-inner\"><a href=\"https:\/\/del-normalien.de\/index.php\/door\/4\/\" class=\"santapress-modal\"><img decoding=\"async\" src=\"https:\/\/del-normalien.de\/wp-content\/plugins\/santapress\/public\/img\/01\/4.png\" alt=\"door-T\u00fcrchen 4\" \/><\/a><\/div><\/div><div class=\"santapress-door status-publish door-past santapress-layout-01\" data-postid=\"236\"><div class=\"santapress-door-inner\"><a href=\"https:\/\/del-normalien.de\/index.php\/door\/5\/\" class=\"santapress-modal\"><img decoding=\"async\" src=\"https:\/\/del-normalien.de\/wp-content\/plugins\/santapress\/public\/img\/01\/5.png\" alt=\"door-T\u00fcrchen 5\" \/><\/a><\/div><\/div><div class=\"santapress-door status-publish door-past santapress-layout-01\" data-postid=\"237\"><div class=\"santapress-door-inner\"><a href=\"https:\/\/del-normalien.de\/index.php\/door\/6\/\" class=\"santapress-modal\"><img decoding=\"async\" src=\"https:\/\/del-normalien.de\/wp-content\/plugins\/santapress\/public\/img\/01\/6.png\" alt=\"door-T\u00fcrchen 6\" \/><\/a><\/div><\/div><div class=\"santapress-door status-publish door-past santapress-layout-01\" data-postid=\"238\"><div class=\"santapress-door-inner\"><a href=\"https:\/\/del-normalien.de\/index.php\/door\/7\/\" class=\"santapress-modal\"><img decoding=\"async\" src=\"https:\/\/del-normalien.de\/wp-content\/plugins\/santapress\/public\/img\/01\/7.png\" alt=\"door-T\u00fcrchen 7\" \/><\/a><\/div><\/div><div class=\"santapress-door status-publish door-past santapress-layout-01\" data-postid=\"239\"><div class=\"santapress-door-inner\"><a href=\"https:\/\/del-normalien.de\/index.php\/door\/8\/\" class=\"santapress-modal\"><img decoding=\"async\" src=\"https:\/\/del-normalien.de\/wp-content\/plugins\/santapress\/public\/img\/01\/8.png\" alt=\"door-T\u00fcrchen 8\" \/><\/a><\/div><\/div><div class=\"santapress-door status-publish door-past santapress-layout-01\" data-postid=\"240\"><div class=\"santapress-door-inner\"><a href=\"https:\/\/del-normalien.de\/index.php\/door\/9\/\" class=\"santapress-modal\"><img decoding=\"async\" src=\"https:\/\/del-normalien.de\/wp-content\/plugins\/santapress\/public\/img\/01\/9.png\" alt=\"door-T\u00fcrchen 9\" \/><\/a><\/div><\/div><div class=\"santapress-door status-publish door-past santapress-layout-01\" data-postid=\"241\"><div class=\"santapress-door-inner\"><a href=\"https:\/\/del-normalien.de\/index.php\/door\/10\/\" class=\"santapress-modal\"><img decoding=\"async\" src=\"https:\/\/del-normalien.de\/wp-content\/plugins\/santapress\/public\/img\/01\/10.png\" alt=\"door-T\u00fcrchen 10\" \/><\/a><\/div><\/div><div class=\"santapress-door status-publish door-past santapress-layout-01\" data-postid=\"242\"><div class=\"santapress-door-inner\"><a href=\"https:\/\/del-normalien.de\/index.php\/door\/11\/\" class=\"santapress-modal\"><img decoding=\"async\" src=\"https:\/\/del-normalien.de\/wp-content\/plugins\/santapress\/public\/img\/01\/11.png\" alt=\"door-T\u00fcrchen 11\" \/><\/a><\/div><\/div><div class=\"santapress-door status-publish door-past santapress-layout-01\" data-postid=\"243\"><div class=\"santapress-door-inner\"><a href=\"https:\/\/del-normalien.de\/index.php\/door\/12\/\" class=\"santapress-modal\"><img decoding=\"async\" src=\"https:\/\/del-normalien.de\/wp-content\/plugins\/santapress\/public\/img\/01\/12.png\" alt=\"door-T\u00fcrchen 12\" \/><\/a><\/div><\/div><div class=\"santapress-door status-publish door-past santapress-layout-01\" data-postid=\"244\"><div class=\"santapress-door-inner\"><a href=\"https:\/\/del-normalien.de\/index.php\/door\/13\/\" class=\"santapress-modal\"><img decoding=\"async\" src=\"https:\/\/del-normalien.de\/wp-content\/plugins\/santapress\/public\/img\/01\/13.png\" alt=\"door-T\u00fcrchen 13\" \/><\/a><\/div><\/div><div class=\"santapress-door status-publish door-past santapress-layout-01\" data-postid=\"245\"><div class=\"santapress-door-inner\"><a href=\"https:\/\/del-normalien.de\/index.php\/door\/14\/\" class=\"santapress-modal\"><img decoding=\"async\" src=\"https:\/\/del-normalien.de\/wp-content\/plugins\/santapress\/public\/img\/01\/14.png\" alt=\"door-T\u00fcrchen 14\" \/><\/a><\/div><\/div><div class=\"santapress-door status-publish door-past santapress-layout-01\" data-postid=\"246\"><div class=\"santapress-door-inner\"><a href=\"https:\/\/del-normalien.de\/index.php\/door\/15\/\" class=\"santapress-modal\"><img decoding=\"async\" src=\"https:\/\/del-normalien.de\/wp-content\/plugins\/santapress\/public\/img\/01\/15.png\" alt=\"door-T\u00fcrchen 15\" \/><\/a><\/div><\/div><div class=\"santapress-door status-publish door-past santapress-layout-01\" data-postid=\"247\"><div class=\"santapress-door-inner\"><a href=\"https:\/\/del-normalien.de\/index.php\/door\/16\/\" class=\"santapress-modal\"><img decoding=\"async\" src=\"https:\/\/del-normalien.de\/wp-content\/plugins\/santapress\/public\/img\/01\/16.png\" alt=\"door-T\u00fcrchen 16\" \/><\/a><\/div><\/div><div class=\"santapress-door status-publish door-past santapress-layout-01\" data-postid=\"248\"><div class=\"santapress-door-inner\"><a href=\"https:\/\/del-normalien.de\/index.php\/door\/17\/\" class=\"santapress-modal\"><img decoding=\"async\" src=\"https:\/\/del-normalien.de\/wp-content\/plugins\/santapress\/public\/img\/01\/17.png\" alt=\"door-T\u00fcrchen 17\" \/><\/a><\/div><\/div><div class=\"santapress-door status-publish door-past santapress-layout-01\" data-postid=\"249\"><div class=\"santapress-door-inner\"><a href=\"https:\/\/del-normalien.de\/index.php\/door\/18\/\" class=\"santapress-modal\"><img decoding=\"async\" src=\"https:\/\/del-normalien.de\/wp-content\/plugins\/santapress\/public\/img\/01\/18.png\" alt=\"door-T\u00fcrchen 18\" \/><\/a><\/div><\/div><div class=\"santapress-door status-publish door-past santapress-layout-01\" data-postid=\"250\"><div class=\"santapress-door-inner\"><a href=\"https:\/\/del-normalien.de\/index.php\/door\/19\/\" class=\"santapress-modal\"><img decoding=\"async\" src=\"https:\/\/del-normalien.de\/wp-content\/plugins\/santapress\/public\/img\/01\/19.png\" alt=\"door-T\u00fcrchen 19\" \/><\/a><\/div><\/div><div class=\"santapress-door status-publish door-past santapress-layout-01\" data-postid=\"251\"><div class=\"santapress-door-inner\"><a href=\"https:\/\/del-normalien.de\/index.php\/door\/20\/\" class=\"santapress-modal\"><img decoding=\"async\" src=\"https:\/\/del-normalien.de\/wp-content\/plugins\/santapress\/public\/img\/01\/20.png\" alt=\"door-T\u00fcrchen 20\" \/><\/a><\/div><\/div><div class=\"santapress-door status-publish door-past santapress-layout-01\" data-postid=\"252\"><div class=\"santapress-door-inner\"><a href=\"https:\/\/del-normalien.de\/index.php\/door\/21\/\" class=\"santapress-modal\"><img decoding=\"async\" src=\"https:\/\/del-normalien.de\/wp-content\/plugins\/santapress\/public\/img\/01\/21.png\" alt=\"door-T\u00fcrchen 21\" \/><\/a><\/div><\/div><div class=\"santapress-door status-publish door-past santapress-layout-01\" data-postid=\"253\"><div class=\"santapress-door-inner\"><a href=\"https:\/\/del-normalien.de\/index.php\/door\/22\/\" class=\"santapress-modal\"><img decoding=\"async\" src=\"https:\/\/del-normalien.de\/wp-content\/plugins\/santapress\/public\/img\/01\/22.png\" alt=\"door-T\u00fcrchen 22\" \/><\/a><\/div><\/div><div class=\"santapress-door status-publish door-past santapress-layout-01\" data-postid=\"254\"><div class=\"santapress-door-inner\"><a href=\"https:\/\/del-normalien.de\/index.php\/door\/23\/\" class=\"santapress-modal\"><img decoding=\"async\" src=\"https:\/\/del-normalien.de\/wp-content\/plugins\/santapress\/public\/img\/01\/23.png\" alt=\"door-T\u00fcrchen 23\" \/><\/a><\/div><\/div><div class=\"santapress-door status-publish door-past santapress-layout-01\" data-postid=\"255\"><div class=\"santapress-door-inner\"><a href=\"https:\/\/del-normalien.de\/index.php\/door\/24\/\" class=\"santapress-modal\"><img decoding=\"async\" src=\"https:\/\/del-normalien.de\/wp-content\/plugins\/santapress\/public\/img\/01\/24.png\" alt=\"door-T\u00fcrchen 24\" \/><\/a><\/div><\/div><input type=\"hidden\" name=\"sp-nonce\" id=\"sp-nonce\" value=\"9968e3997e\"><\/div> <!-- \/.santapress-container --> Entdecken Sie mit unserem Adventskalender t\u00e4gliche Rabatte bis zum 24. Dezember! Tauchen Sie in die festliche Jahreszeit ein und [&hellip;]<\/p>\n","protected":false},"author":2,"featured_media":0,"parent":0,"menu_order":0,"comment_status":"closed","ping_status":"closed","template":"","meta":{"_et_pb_use_builder":"on","_et_pb_old_content":"[santapress]","_et_gb_content_width":"","footnotes":""},"class_list":["post-256","page","type-page","status-publish","hentry"],"aioseo_notices":[],"acf":[],"_links":{"self":[{"href":"https:\/\/del-normalien.de\/index.php\/wp-json\/wp\/v2\/pages\/256","targetHints":{"allow":["GET"]}}],"collection":[{"href":"https:\/\/del-normalien.de\/index.php\/wp-json\/wp\/v2\/pages"}],"about":[{"href":"https:\/\/del-normalien.de\/index.php\/wp-json\/wp\/v2\/types\/page"}],"author":[{"embeddable":true,"href":"https:\/\/del-normalien.de\/index.php\/wp-json\/wp\/v2\/users\/2"}],"replies":[{"embeddable":true,"href":"https:\/\/del-normalien.de\/index.php\/wp-json\/wp\/v2\/comments?post=256"}],"version-history":[{"count":10,"href":"https:\/\/del-normalien.de\/index.php\/wp-json\/wp\/v2\/pages\/256\/revisions"}],"predecessor-version":[{"id":880,"href":"https:\/\/del-normalien.de\/index.php\/wp-json\/wp\/v2\/pages\/256\/revisions\/880"}],"wp:attachment":[{"href":"https:\/\/del-normalien.de\/index.php\/wp-json\/wp\/v2\/media?parent=256"}],"curies":[{"name":"wp","href":"https:\/\/api.w.org\/{rel}","templated":true}]}}