{"id":19,"date":"2023-09-22T14:03:40","date_gmt":"2023-09-22T14:03:40","guid":{"rendered":"https:\/\/del-normalien.de\/?page_id=19"},"modified":"2023-11-09T11:21:51","modified_gmt":"2023-11-09T11:21:51","slug":"mouldpro","status":"publish","type":"page","link":"https:\/\/del-normalien.de\/index.php\/mouldpro\/","title":{"rendered":"DE Partner von Mouldpro und Mouldshop.de"},"content":{"rendered":"<p>[et_pb_section fb_built=&#8220;1&#8243; _builder_version=&#8220;4.22.2&#8243; _module_preset=&#8220;default&#8220; background_enable_image=&#8220;off&#8220; background_video_mp4=&#8220;https:\/\/del-normalien.de\/wp-content\/uploads\/2023\/09\/DEL_Mouldpro2.mp4&#8243; custom_padding=&#8220;16%||16%||true|false&#8220; global_colors_info=&#8220;{}&#8220;][et_pb_row _builder_version=&#8220;4.22.2&#8243; _module_preset=&#8220;default&#8220; global_colors_info=&#8220;{}&#8220;][et_pb_column type=&#8220;4_4&#8243; _builder_version=&#8220;4.22.2&#8243; _module_preset=&#8220;default&#8220; global_colors_info=&#8220;{}&#8220;][et_pb_text _builder_version=&#8220;4.22.2&#8243; _module_preset=&#8220;default&#8220; header_font=&#8220;|700|||||||&#8220; header_text_color=&#8220;#FFFFFF&#8220; header_font_size=&#8220;90px&#8220; header_line_height=&#8220;99px&#8220; text_orientation=&#8220;center&#8220; header_font_size_tablet=&#8220;38px&#8220; header_font_size_phone=&#8220;26px&#8220; header_font_size_last_edited=&#8220;on|phone&#8220; header_line_height_tablet=&#8220;99px&#8220; header_line_height_phone=&#8220;38px&#8220; header_line_height_last_edited=&#8220;on|phone&#8220; global_colors_info=&#8220;{}&#8220;]<\/p>\n<h1>Alles f\u00fcr die<br \/>Kunststoffverarbeitung<\/h1>\n<p>[\/et_pb_text][\/et_pb_column][\/et_pb_row][\/et_pb_section][et_pb_section fb_built=&#8220;1&#8243; _builder_version=&#8220;4.22.2&#8243; _module_preset=&#8220;default&#8220; global_colors_info=&#8220;{}&#8220;][et_pb_row _builder_version=&#8220;4.23.1&#8243; _module_preset=&#8220;default&#8220; global_colors_info=&#8220;{}&#8220;][et_pb_column type=&#8220;4_4&#8243; _builder_version=&#8220;4.23.1&#8243; _module_preset=&#8220;default&#8220; global_colors_info=&#8220;{}&#8220;][et_pb_text _builder_version=&#8220;4.23.1&#8243; _module_preset=&#8220;default&#8220; global_colors_info=&#8220;{}&#8220;]<\/p>\n<p data-sourcepos=\"3:1-3:74\"><strong>DEL Normalien: Exklusiver Vertriebspartner von Mouldpro in Deutschland<\/strong><\/p>\n<p data-sourcepos=\"5:1-5:409\">DEL Normalien ist stolz darauf, exklusiver Vertriebspartner von Mouldpro in Deutschland zu sein. Mouldpro ist ein f\u00fchrender Anbieter von hochwertigen Produkten f\u00fcr die Kunststoff-Spritzgussindustrie. Mit einem umfassenden Sortiment an Trennmitteln, Verbrauchsmaterialien, Wasserkupplungen, Spezialwerkzeugen und Zubeh\u00f6r bietet Mouldpro alles, was f\u00fcr eine effiziente und erfolgreiche Produktion ben\u00f6tigt wird.<\/p>\n<p data-sourcepos=\"7:1-7:310\">DEL Normalien verf\u00fcgt \u00fcber ein erfahrenes Team von Fachleuten, das Sie gerne bei der Auswahl der richtigen Mouldpro-Produkte f\u00fcr Ihre spezifischen Anforderungen ber\u00e4t. Wir bieten auch einen schnellen und zuverl\u00e4ssigen Lieferservice, damit Sie Ihre Produktion so reibungslos wie m\u00f6glich aufrechterhalten k\u00f6nnen.<\/p>\n<p data-sourcepos=\"32:1-32:238\">[\/et_pb_text][\/et_pb_column][\/et_pb_row][et_pb_row column_structure=&#8220;1_4,1_4,1_4,1_4&#8243; _builder_version=&#8220;4.23.1&#8243; _module_preset=&#8220;default&#8220; height=&#8220;215px&#8220; global_colors_info=&#8220;{}&#8220;][et_pb_column type=&#8220;1_4&#8243; _builder_version=&#8220;4.23.1&#8243; _module_preset=&#8220;default&#8220; global_colors_info=&#8220;{}&#8220;][et_pb_image src=&#8220;https:\/\/del-normalien.de\/wp-content\/uploads\/2023\/11\/Mouldpro-Katalog-V14-150&#215;150.png&#8220; title_text=&#8220;Mouldpro Katalog V14&#8243; align=&#8220;center&#8220; _builder_version=&#8220;4.23.1&#8243; _module_preset=&#8220;default&#8220; global_colors_info=&#8220;{}&#8220;][\/et_pb_image][\/et_pb_column][et_pb_column type=&#8220;1_4&#8243; _builder_version=&#8220;4.23.1&#8243; _module_preset=&#8220;default&#8220; global_colors_info=&#8220;{}&#8220;][et_pb_image src=&#8220;https:\/\/del-normalien.de\/wp-content\/uploads\/2023\/10\/image-22-e1697191837524-300&#215;190.png&#8220; title_text=&#8220;image 22&#8243; _builder_version=&#8220;4.23.1&#8243; _module_preset=&#8220;default&#8220; global_colors_info=&#8220;{}&#8220;][\/et_pb_image][\/et_pb_column][et_pb_column type=&#8220;1_4&#8243; _builder_version=&#8220;4.23.1&#8243; _module_preset=&#8220;default&#8220; global_colors_info=&#8220;{}&#8220;][et_pb_image src=&#8220;https:\/\/del-normalien.de\/wp-content\/uploads\/2023\/10\/image-21-e1697191737883-300&#215;144.png&#8220; title_text=&#8220;image 21&#8243; align=&#8220;center&#8220; _builder_version=&#8220;4.23.1&#8243; _module_preset=&#8220;default&#8220; global_colors_info=&#8220;{}&#8220;][\/et_pb_image][\/et_pb_column][et_pb_column type=&#8220;1_4&#8243; _builder_version=&#8220;4.23.1&#8243; _module_preset=&#8220;default&#8220; global_colors_info=&#8220;{}&#8220;][et_pb_image src=&#8220;https:\/\/del-normalien.de\/wp-content\/uploads\/2023\/12\/Day-7-300&#215;300.png&#8220; title_text=&#8220;Day 7&#8243; align=&#8220;center&#8220; _builder_version=&#8220;4.23.1&#8243; _module_preset=&#8220;default&#8220; global_colors_info=&#8220;{}&#8220;][\/et_pb_image][\/et_pb_column][\/et_pb_row][et_pb_row _builder_version=&#8220;4.23.1&#8243; _module_preset=&#8220;default&#8220; global_colors_info=&#8220;{}&#8220;][et_pb_column type=&#8220;4_4&#8243; _builder_version=&#8220;4.23.1&#8243; _module_preset=&#8220;default&#8220; global_colors_info=&#8220;{}&#8220;][et_pb_text _builder_version=&#8220;4.23.1&#8243; _module_preset=&#8220;default&#8220; global_colors_info=&#8220;{}&#8220;]<\/p>\n<p data-sourcepos=\"9:1-9:67\"><strong>Vorteile der Partnerschaft zwischen DEL Normalien und Mouldpro:<\/strong><\/p>\n<ul data-sourcepos=\"11:1-15:0\">\n<li data-sourcepos=\"11:1-11:229\"><strong>Exklusiver Vertrieb:<\/strong>\u00a0DEL Normalien ist der einzige autorisierte Vertriebspartner von Mouldpro-Produkten in Deutschland. Dies bedeutet, dass Sie sicher sein k\u00f6nnen, dass Sie originale Produkte von h\u00f6chster Qualit\u00e4t erhalten.<\/li>\n<li><strong>Onlineshop:<\/strong> Entdecken Sie alle Artikel von Mouldpro in unserem Onlineshop: <a href=\"http:\/\/www.mouldshop.de\">www.mouldshop.de<\/a><br \/>Sehen Sie alle Preise und Lagerbest\u00e4nde komfortabel online.<\/li>\n<li><strong>Umfassendes Sortiment:<\/strong>\u00a0DEL Normalien bietet das gesamte Sortiment an Mouldpro-Produkten an. So finden Sie garantiert die richtigen Produkte f\u00fcr Ihre spezifischen Anforderungen.<\/li>\n<li data-sourcepos=\"13:1-13:157\"><strong>Erfahrene Beratung:<\/strong>\u00a0DEL Normalien verf\u00fcgt \u00fcber ein erfahrenes Team von Fachleuten, das Sie gerne bei der Auswahl der richtigen Mouldpro-Produkte ber\u00e4t.<\/li>\n<li data-sourcepos=\"14:1-15:0\"><strong>Schnelle Lieferung:<\/strong>\u00a0DEL Normalien bietet einen schnellen und zuverl\u00e4ssigen Lieferservice, damit Sie Ihre Produktion so reibungslos wie m\u00f6glich aufrechterhalten k\u00f6nnen.<\/li>\n<\/ul>\n<p data-sourcepos=\"16:1-16:18\"><strong>\u00dcber Mouldpro:<\/strong><\/p>\n<p data-sourcepos=\"18:1-18:321\">Mouldpro ist ein weltweit f\u00fchrender Anbieter von hochwertigen Produkten f\u00fcr die Kunststoff-Spritzgussindustrie. Mit einem umfassenden Sortiment an Trennmitteln, Verbrauchsmaterialien, Wasserkupplungen, Spezialwerkzeugen und Zubeh\u00f6r bietet Mouldpro alles, was f\u00fcr eine effiziente und erfolgreiche Produktion ben\u00f6tigt wird.<\/p>\n<p data-sourcepos=\"20:1-20:217\">Mouldpro ist bekannt f\u00fcr seine hohe Qualit\u00e4t, Zuverl\u00e4ssigkeit und Innovation. Das Unternehmen entwickelt st\u00e4ndig neue Produkte, um den sich \u00e4ndernden Anforderungen der Kunststoff-Spritzgussindustrie gerecht zu werden.<\/p>\n<p data-sourcepos=\"22:1-22:183\">Mouldpro vertreibt seine Produkte \u00fcber ein weltweites Netzwerk von autorisierten H\u00e4ndlern. So k\u00f6nnen Kunden in aller Welt auf die Produkte und Dienstleistungen von Mouldpro zugreifen.<\/p>\n<p data-sourcepos=\"24:1-24:58\"><strong>DEL Normalien und Mouldpro: Gemeinsam f\u00fcr Ihren Erfolg<\/strong><\/p>\n<p data-sourcepos=\"26:1-26:182\">DEL Normalien und Mouldpro sind seit vielen Jahren enge Partner. Gemeinsam m\u00f6chten wir Ihnen die besten Produkte und Dienstleistungen f\u00fcr die Kunststoff-Spritzgussindustrie anbieten.<\/p>\n<p data-sourcepos=\"28:1-28:177\">Wir sind davon \u00fcberzeugt, dass unsere Partnerschaft Ihnen dabei helfen kann, Ihre Produktionseffizienz zu steigern, Ihre Produktqualit\u00e4t zu verbessern und Ihre Kosten zu senken.<\/p>\n<p data-sourcepos=\"30:1-30:35\"><strong>Kontaktieren Sie uns noch heute<\/strong><\/p>\n<p data-sourcepos=\"32:1-32:238\">Wenn Sie mehr \u00fcber die Produkte und Dienstleistungen von Mouldpro erfahren m\u00f6chten, wenden Sie sich bitte an DEL Normalien. Wir beraten Sie gerne und helfen Ihnen bei der Auswahl der richtigen Produkte f\u00fcr Ihre spezifischen Anforderungen.<\/p>\n<p data-sourcepos=\"32:1-32:238\"><a href=\"\/kontakt\">ZUM KONTAKTFORMULAR<\/a><\/p>\n<p>[\/et_pb_text][\/et_pb_column][\/et_pb_row][\/et_pb_section]<\/p>\n","protected":false},"excerpt":{"rendered":"<p>Alles f\u00fcr dieKunststoffverarbeitungDEL Normalien: Exklusiver Vertriebspartner von Mouldpro in Deutschland DEL Normalien ist stolz darauf, exklusiver Vertriebspartner von Mouldpro in Deutschland zu sein. Mouldpro ist ein f\u00fchrender Anbieter von hochwertigen Produkten f\u00fcr die Kunststoff-Spritzgussindustrie. Mit einem umfassenden Sortiment an Trennmitteln, Verbrauchsmaterialien, Wasserkupplungen, Spezialwerkzeugen und Zubeh\u00f6r bietet Mouldpro alles, was f\u00fcr eine effiziente und erfolgreiche Produktion [&hellip;]<\/p>\n","protected":false},"author":2,"featured_media":0,"parent":0,"menu_order":0,"comment_status":"closed","ping_status":"closed","template":"","meta":{"_et_pb_use_builder":"on","_et_pb_old_content":"","_et_gb_content_width":"","footnotes":""},"class_list":["post-19","page","type-page","status-publish","hentry"],"aioseo_notices":[],"acf":[],"_links":{"self":[{"href":"https:\/\/del-normalien.de\/index.php\/wp-json\/wp\/v2\/pages\/19","targetHints":{"allow":["GET"]}}],"collection":[{"href":"https:\/\/del-normalien.de\/index.php\/wp-json\/wp\/v2\/pages"}],"about":[{"href":"https:\/\/del-normalien.de\/index.php\/wp-json\/wp\/v2\/types\/page"}],"author":[{"embeddable":true,"href":"https:\/\/del-normalien.de\/index.php\/wp-json\/wp\/v2\/users\/2"}],"replies":[{"embeddable":true,"href":"https:\/\/del-normalien.de\/index.php\/wp-json\/wp\/v2\/comments?post=19"}],"version-history":[{"count":10,"href":"https:\/\/del-normalien.de\/index.php\/wp-json\/wp\/v2\/pages\/19\/revisions"}],"predecessor-version":[{"id":745,"href":"https:\/\/del-normalien.de\/index.php\/wp-json\/wp\/v2\/pages\/19\/revisions\/745"}],"wp:attachment":[{"href":"https:\/\/del-normalien.de\/index.php\/wp-json\/wp\/v2\/media?parent=19"}],"curies":[{"name":"wp","href":"https:\/\/api.w.org\/{rel}","templated":true}]}}