{"id":17,"date":"2023-09-22T14:07:56","date_gmt":"2023-09-22T14:07:56","guid":{"rendered":"https:\/\/del-normalien.de\/?page_id=17"},"modified":"2024-01-16T08:52:39","modified_gmt":"2024-01-16T08:52:39","slug":"home","status":"publish","type":"page","link":"https:\/\/del-normalien.de\/","title":{"rendered":"Home"},"content":{"rendered":"<p>[et_pb_section fb_built=&#8220;1&#8243; _builder_version=&#8220;4.23.1&#8243; _module_preset=&#8220;default&#8220; background_video_mp4=&#8220;https:\/\/del-normalien.de\/wp-content\/uploads\/2023\/09\/RENDER_HD_1920x1080-1-1.mp4&#8243; custom_padding=&#8220;28.5%||1%||false|false&#8220; border_width_top=&#8220;14px&#8220; border_color_top=&#8220;#000000&#8243; border_width_bottom=&#8220;16px&#8220; border_color_bottom=&#8220;#000000&#8243; global_colors_info=&#8220;{}&#8220;][\/et_pb_section][et_pb_section fb_built=&#8220;1&#8243; _builder_version=&#8220;4.22.2&#8243; _module_preset=&#8220;default&#8220; background_image=&#8220;https:\/\/del-normalien.de\/wp-content\/uploads\/2023\/09\/Essentials-header-31db4870.webp&#8220; global_colors_info=&#8220;{}&#8220;][et_pb_row column_structure=&#8220;1_2,1_2&#8243; _builder_version=&#8220;4.22.2&#8243; _module_preset=&#8220;default&#8220; width=&#8220;94%&#8220; width_tablet=&#8220;94%&#8220; width_phone=&#8220;80%&#8220; width_last_edited=&#8220;on|phone&#8220; max_width=&#8220;1280px&#8220; custom_margin=&#8220;8px|auto||auto||&#8220; global_colors_info=&#8220;{}&#8220;][et_pb_column type=&#8220;1_2&#8243; _builder_version=&#8220;4.22.2&#8243; _module_preset=&#8220;default&#8220; global_colors_info=&#8220;{}&#8220;][\/et_pb_column][et_pb_column type=&#8220;1_2&#8243; _builder_version=&#8220;4.22.2&#8243; _module_preset=&#8220;default&#8220; global_colors_info=&#8220;{}&#8220;][et_pb_text _builder_version=&#8220;4.23.1&#8243; _module_preset=&#8220;default&#8220; text_text_color=&#8220;#717171&#8243; text_font_size=&#8220;19px&#8220; text_line_height=&#8220;29px&#8220; header_font=&#8220;|600|||||||&#8220; header_text_align=&#8220;center&#8220; header_text_color=&#8220;#000000&#8243; header_font_size=&#8220;42px&#8220; header_line_height=&#8220;1.2em&#8220; text_orientation=&#8220;justified&#8220; text_text_color_tablet=&#8220;#717171&#8243; text_text_color_phone=&#8220;#000000&#8243; text_text_color_last_edited=&#8220;on|phone&#8220; text_font_size_tablet=&#8220;18px&#8220; text_font_size_phone=&#8220;16px&#8220; text_font_size_last_edited=&#8220;on|phone&#8220; header_font_size_tablet=&#8220;35px&#8220; header_font_size_phone=&#8220;26px&#8220; header_font_size_last_edited=&#8220;on|phone&#8220; custom_css_main_element=&#8220;font-weight: 400!important&#8220; global_colors_info=&#8220;{}&#8220;]<\/p>\n<h1 style=\"text-align: left;\">Alles f\u00fcr den <strong>Werkzeugbau<\/strong><br \/>und <strong>Kunststoffspritzguss<\/strong><\/h1>\n<p>DEL-Normalien ist der Full-Service-Lieferant f\u00fcr den Werkzeugmacher und Kunststoffverarbeiter. Von A wie Auswerferstifte bis Z wie Zentriereinheiten. DEL liefert schnell und verl\u00e4sslich Normalien, individuell gefertigte Sonderteile (Zeichnungsteile) und nat\u00fcrlich alles das, was der Kunststoffverarbeiter in der t\u00e4glichen Praxis an Peripherieger\u00e4ten und Verbrauchsmaterial ben\u00f6tigt.<\/p>\n<p>Unsere <a href=\"https:\/\/del-normalien.de\/index.php\/produkte\/\">Qualit\u00e4tsprodukte<\/a> k\u00f6nnen Sie auch ganz bequem online in unserem Shop <a href=\"https:\/\/www.mouldshop.de\/\">www.mouldshop.de<\/a> bestellen. Einfach registrieren, Warenkorb bef\u00fcllen und anschlie\u00dfend unsere Lieferung in Empfang nehmen.<\/p>\n<p>Einer f\u00fcr alles! Das gibt es mit einem derartig vielf\u00e4ltigen Angebot nur bei DEL.<\/p>\n<p><img loading=\"lazy\" decoding=\"async\" src=\"https:\/\/del-normalien.de\/wp-content\/uploads\/2023\/11\/mitglied_des_vdwf_rgb-300x134.webp\" width=\"300\" height=\"134\" alt=\"Mitglied des VDWF\" class=\"wp-image-776 size-medium\" srcset=\"https:\/\/del-normalien.de\/wp-content\/uploads\/2023\/11\/mitglied_des_vdwf_rgb-300x134.webp 300w, https:\/\/del-normalien.de\/wp-content\/uploads\/2023\/11\/mitglied_des_vdwf_rgb-1024x458.webp 1024w, https:\/\/del-normalien.de\/wp-content\/uploads\/2023\/11\/mitglied_des_vdwf_rgb-768x344.webp 768w, https:\/\/del-normalien.de\/wp-content\/uploads\/2023\/11\/mitglied_des_vdwf_rgb-1536x687.webp 1536w, https:\/\/del-normalien.de\/wp-content\/uploads\/2023\/11\/mitglied_des_vdwf_rgb-2048x916.webp 2048w, https:\/\/del-normalien.de\/wp-content\/uploads\/2023\/11\/mitglied_des_vdwf_rgb-610x273.webp 610w, https:\/\/del-normalien.de\/wp-content\/uploads\/2023\/11\/mitglied_des_vdwf_rgb-1080x483.webp 1080w, https:\/\/del-normalien.de\/wp-content\/uploads\/2023\/11\/mitglied_des_vdwf_rgb-1280x573.webp 1280w, https:\/\/del-normalien.de\/wp-content\/uploads\/2023\/11\/mitglied_des_vdwf_rgb-980x438.webp 980w, https:\/\/del-normalien.de\/wp-content\/uploads\/2023\/11\/mitglied_des_vdwf_rgb-480x215.webp 480w\" sizes=\"(max-width: 300px) 100vw, 300px\" \/><img loading=\"lazy\" decoding=\"async\" src=\"https:\/\/del-normalien.de\/wp-content\/uploads\/2023\/11\/211129_LOGO_KIMW_Standard-300x150.png\" width=\"300\" height=\"150\" alt=\"\" class=\"wp-image-777 size-medium\" \/>\u00a0<\/p>\n<p>[\/et_pb_text][\/et_pb_column][\/et_pb_row][\/et_pb_section][et_pb_section fb_built=&#8220;1&#8243; _builder_version=&#8220;4.22.2&#8243; _module_preset=&#8220;default&#8220; global_colors_info=&#8220;{}&#8220;][et_pb_row column_structure=&#8220;1_2,1_2&#8243; _builder_version=&#8220;4.22.2&#8243; _module_preset=&#8220;default&#8220; global_colors_info=&#8220;{}&#8220;][et_pb_column type=&#8220;1_2&#8243; _builder_version=&#8220;4.22.2&#8243; _module_preset=&#8220;default&#8220; global_colors_info=&#8220;{}&#8220;][et_pb_text _builder_version=&#8220;4.22.2&#8243; _module_preset=&#8220;default&#8220; header_2_font=&#8220;||||||||&#8220; header_2_text_color=&#8220;gcid-60a3492b-f221-4ef1-a686-d39251d9bbd8&#8243; header_2_font_size=&#8220;55px&#8220; header_2_line_height=&#8220;66px&#8220; text_orientation=&#8220;center&#8220; header_2_font_size_tablet=&#8220;35px&#8220; header_2_font_size_phone=&#8220;26px&#8220; header_2_font_size_last_edited=&#8220;on|phone&#8220; header_2_line_height_tablet=&#8220;66px&#8220; header_2_line_height_phone=&#8220;30px&#8220; header_2_line_height_last_edited=&#8220;on|phone&#8220; global_colors_info=&#8220;{%22gcid-60a3492b-f221-4ef1-a686-d39251d9bbd8%22:%91%22header_2_text_color%22%93}&#8220;]<\/p>\n<h2><span style=\"font-weight: 700!important;\">Wir bieten Ihnen:<\/span><\/h2>\n<p>[\/et_pb_text][\/et_pb_column][et_pb_column type=&#8220;1_2&#8243; _builder_version=&#8220;4.22.2&#8243; _module_preset=&#8220;default&#8220; global_colors_info=&#8220;{}&#8220;][et_pb_text _builder_version=&#8220;4.22.2&#8243; _module_preset=&#8220;default&#8220; header_2_font=&#8220;||||||||&#8220; header_2_text_color=&#8220;gcid-60a3492b-f221-4ef1-a686-d39251d9bbd8&#8243; header_2_font_size=&#8220;55px&#8220; header_2_line_height=&#8220;66px&#8220; text_orientation=&#8220;center&#8220; header_2_font_size_tablet=&#8220;35px&#8220; header_2_font_size_phone=&#8220;26px&#8220; header_2_font_size_last_edited=&#8220;on|phone&#8220; header_2_line_height_tablet=&#8220;66px&#8220; header_2_line_height_phone=&#8220;30px&#8220; header_2_line_height_last_edited=&#8220;on|phone&#8220; global_colors_info=&#8220;{%22gcid-60a3492b-f221-4ef1-a686-d39251d9bbd8%22:%91%22header_2_text_color%22,%22header_2_text_color%22%93}&#8220;]<\/p>\n<h2><span style=\"font-weight: 700!important;\">Ihre Vorteile:<br \/>\n<\/span><\/h2>\n<p>[\/et_pb_text][\/et_pb_column][\/et_pb_row][et_pb_row column_structure=&#8220;1_4,1_4,1_4,1_4&#8243; _builder_version=&#8220;4.22.2&#8243; _module_preset=&#8220;default&#8220; width=&#8220;92%&#8220; max_width=&#8220;1280px&#8220; global_colors_info=&#8220;{}&#8220;][et_pb_column type=&#8220;1_4&#8243; _builder_version=&#8220;4.22.2&#8243; _module_preset=&#8220;default&#8220; global_colors_info=&#8220;{}&#8220;][et_pb_blurb title=&#8220;ANERKANNTE QUALIT\u00c4T&#8220; image=&#8220;https:\/\/del-normalien.de\/wp-content\/uploads\/2023\/09\/quality-7b7bb06d.webp&#8220; icon_placement=&#8220;left&#8220; _builder_version=&#8220;4.22.2&#8243; _module_preset=&#8220;default&#8220; header_font=&#8220;Montserrat|700|||||||&#8220; header_text_color=&#8220;#000000&#8243; header_font_size=&#8220;14px&#8220; custom_css_blurb_title=&#8220;margin-top: 8px;&#8220; global_colors_info=&#8220;{}&#8220;][\/et_pb_blurb][\/et_pb_column][et_pb_column type=&#8220;1_4&#8243; _builder_version=&#8220;4.22.2&#8243; _module_preset=&#8220;default&#8220; global_colors_info=&#8220;{}&#8220;][et_pb_blurb title=&#8220;BREITES PRODUKTSPEKTRUM&#8220; image=&#8220;https:\/\/del-normalien.de\/wp-content\/uploads\/2023\/09\/box-355a39b9.webp&#8220; icon_placement=&#8220;left&#8220; _builder_version=&#8220;4.22.2&#8243; _module_preset=&#8220;default&#8220; header_font=&#8220;Montserrat|700|||||||&#8220; header_text_color=&#8220;#000000&#8243; header_font_size=&#8220;14px&#8220; custom_css_blurb_title=&#8220;margin-top: 8px;&#8220; global_colors_info=&#8220;{}&#8220;][\/et_pb_blurb][\/et_pb_column][et_pb_column type=&#8220;1_4&#8243; _builder_version=&#8220;4.22.2&#8243; _module_preset=&#8220;default&#8220; global_colors_info=&#8220;{}&#8220;][et_pb_blurb title=&#8220;BESTER SERVICE&#8220; image=&#8220;https:\/\/del-normalien.de\/wp-content\/uploads\/2023\/09\/customer-service-9033452d.webp&#8220; icon_placement=&#8220;left&#8220; _builder_version=&#8220;4.22.2&#8243; _module_preset=&#8220;default&#8220; header_font=&#8220;Montserrat|700|||||||&#8220; header_text_color=&#8220;#000000&#8243; header_font_size=&#8220;14px&#8220; custom_css_blurb_title=&#8220;margin-top: 8px;&#8220; global_colors_info=&#8220;{}&#8220;][\/et_pb_blurb][\/et_pb_column][et_pb_column type=&#8220;1_4&#8243; _builder_version=&#8220;4.22.2&#8243; _module_preset=&#8220;default&#8220; global_colors_info=&#8220;{}&#8220;][et_pb_blurb title=&#8220;BESCHAFFUNG KOMPLETTER EINKAUFSPAKETE&#8220; image=&#8220;https:\/\/del-normalien.de\/wp-content\/uploads\/2023\/09\/box1-47ac1285-1.webp&#8220; icon_placement=&#8220;left&#8220; _builder_version=&#8220;4.22.2&#8243; _module_preset=&#8220;default&#8220; header_font=&#8220;Montserrat|700|||||||&#8220; header_text_color=&#8220;#000000&#8243; header_font_size=&#8220;14px&#8220; custom_css_blurb_title=&#8220;margin-top: 8px;&#8220; global_colors_info=&#8220;{}&#8220;][\/et_pb_blurb][\/et_pb_column][\/et_pb_row][et_pb_row column_structure=&#8220;1_4,1_4,1_4,1_4&#8243; _builder_version=&#8220;4.22.2&#8243; _module_preset=&#8220;default&#8220; width=&#8220;92%&#8220; max_width=&#8220;1280px&#8220; global_colors_info=&#8220;{}&#8220;][et_pb_column type=&#8220;1_4&#8243; _builder_version=&#8220;4.22.2&#8243; _module_preset=&#8220;default&#8220; global_colors_info=&#8220;{}&#8220;][et_pb_blurb title=&#8220;SONDERABMESSUNGEN UND EINZELANFERTIGUNGEN&#8220; image=&#8220;https:\/\/del-normalien.de\/wp-content\/uploads\/2023\/09\/blueprint-97563c1a.webp&#8220; icon_placement=&#8220;left&#8220; _builder_version=&#8220;4.22.2&#8243; _module_preset=&#8220;default&#8220; header_font=&#8220;Montserrat|700|||||||&#8220; header_text_color=&#8220;#000000&#8243; header_font_size=&#8220;14px&#8220; custom_css_blurb_title=&#8220;margin-top: 8px;&#8220; global_colors_info=&#8220;{}&#8220;][\/et_pb_blurb][\/et_pb_column][et_pb_column type=&#8220;1_4&#8243; _builder_version=&#8220;4.22.2&#8243; _module_preset=&#8220;default&#8220; global_colors_info=&#8220;{}&#8220;][et_pb_blurb title=&#8220;PREISWERTE L\u00d6SUNGEN&#8220; image=&#8220;https:\/\/del-normalien.de\/wp-content\/uploads\/2023\/09\/money-bag-de2a4582.webp&#8220; icon_placement=&#8220;left&#8220; image_last_edited=&#8220;off|desktop&#8220; _builder_version=&#8220;4.22.2&#8243; _module_preset=&#8220;default&#8220; header_font=&#8220;Montserrat|700|||||||&#8220; header_text_color=&#8220;#000000&#8243; header_font_size=&#8220;14px&#8220; custom_css_blurb_title=&#8220;margin-top: 8px;&#8220; global_colors_info=&#8220;{}&#8220;][\/et_pb_blurb][\/et_pb_column][et_pb_column type=&#8220;1_4&#8243; _builder_version=&#8220;4.22.2&#8243; _module_preset=&#8220;default&#8220; global_colors_info=&#8220;{}&#8220;][et_pb_blurb title=&#8220;ZUVERL\u00c4SSIGE LIEFERUNG&#8220; image=&#8220;https:\/\/del-normalien.de\/wp-content\/uploads\/2023\/09\/shipped-3d1d0b48.webp&#8220; icon_placement=&#8220;left&#8220; _builder_version=&#8220;4.22.2&#8243; _module_preset=&#8220;default&#8220; header_font=&#8220;Montserrat|700|||||||&#8220; header_text_color=&#8220;#000000&#8243; header_font_size=&#8220;14px&#8220; custom_css_blurb_title=&#8220;margin-top: 8px;&#8220; global_colors_info=&#8220;{}&#8220;][\/et_pb_blurb][\/et_pb_column][et_pb_column type=&#8220;1_4&#8243; _builder_version=&#8220;4.22.2&#8243; _module_preset=&#8220;default&#8220; global_colors_info=&#8220;{}&#8220;][et_pb_blurb title=&#8220;HERVORRAGENDES PREIS-LEISTUNGSVERH\u00c4LTNIS&#8220; image=&#8220;https:\/\/del-normalien.de\/wp-content\/uploads\/2023\/09\/offer-efbad4ca.webp&#8220; icon_placement=&#8220;left&#8220; _builder_version=&#8220;4.22.2&#8243; _module_preset=&#8220;default&#8220; header_font=&#8220;Montserrat|700|||||||&#8220; header_text_color=&#8220;#000000&#8243; header_font_size=&#8220;14px&#8220; custom_css_blurb_title=&#8220;margin-top: 8px;&#8220; global_colors_info=&#8220;{}&#8220;][\/et_pb_blurb][\/et_pb_column][\/et_pb_row][et_pb_row column_structure=&#8220;1_4,1_4,1_4,1_4&#8243; _builder_version=&#8220;4.22.2&#8243; _module_preset=&#8220;default&#8220; width=&#8220;92%&#8220; max_width=&#8220;1280px&#8220; global_colors_info=&#8220;{}&#8220;][et_pb_column type=&#8220;1_4&#8243; _builder_version=&#8220;4.22.2&#8243; _module_preset=&#8220;default&#8220; global_colors_info=&#8220;{}&#8220;][et_pb_blurb title=&#8220;HOHE KOMPATIBLIT\u00c4T&#8220; image=&#8220;https:\/\/del-normalien.de\/wp-content\/uploads\/2023\/09\/puzzle-601c4bbc.webp&#8220; icon_placement=&#8220;left&#8220; _builder_version=&#8220;4.22.2&#8243; _module_preset=&#8220;default&#8220; header_font=&#8220;Montserrat|700|||||||&#8220; header_text_color=&#8220;#000000&#8243; header_font_size=&#8220;14px&#8220; custom_css_blurb_title=&#8220;margin-top: 8px;&#8220; global_colors_info=&#8220;{}&#8220;][\/et_pb_blurb][\/et_pb_column][et_pb_column type=&#8220;1_4&#8243; _builder_version=&#8220;4.22.2&#8243; _module_preset=&#8220;default&#8220; global_colors_info=&#8220;{}&#8220;][\/et_pb_column][et_pb_column type=&#8220;1_4&#8243; _builder_version=&#8220;4.22.2&#8243; _module_preset=&#8220;default&#8220; global_colors_info=&#8220;{}&#8220;][\/et_pb_column][et_pb_column type=&#8220;1_4&#8243; _builder_version=&#8220;4.22.2&#8243; _module_preset=&#8220;default&#8220; global_colors_info=&#8220;{}&#8220;][\/et_pb_column][\/et_pb_row][\/et_pb_section][et_pb_section fb_built=&#8220;1&#8243; _builder_version=&#8220;4.22.2&#8243; _module_preset=&#8220;default&#8220; background_image=&#8220;https:\/\/del-normalien.de\/wp-content\/uploads\/2023\/09\/Water2-79e7bae2.webp&#8220; global_colors_info=&#8220;{}&#8220;][et_pb_row _builder_version=&#8220;4.22.2&#8243; _module_preset=&#8220;default&#8220; global_colors_info=&#8220;{}&#8220;][et_pb_column type=&#8220;4_4&#8243; _builder_version=&#8220;4.22.2&#8243; _module_preset=&#8220;default&#8220; global_colors_info=&#8220;{}&#8220;][et_pb_text _builder_version=&#8220;4.22.2&#8243; _module_preset=&#8220;default&#8220; text_text_color=&#8220;#717171&#8243; text_font_size=&#8220;18px&#8220; text_line_height=&#8220;1.5em&#8220; header_font=&#8220;|600|||||||&#8220; header_text_align=&#8220;center&#8220; header_text_color=&#8220;#000000&#8243; header_font_size=&#8220;42px&#8220; header_2_font=&#8220;|700|||||||&#8220; header_2_font_size=&#8220;42px&#8220; header_2_line_height=&#8220;50px&#8220; text_orientation=&#8220;center&#8220; text_text_color_tablet=&#8220;#717171&#8243; text_text_color_phone=&#8220;#000000&#8243; text_text_color_last_edited=&#8220;on|phone&#8220; text_font_size_tablet=&#8220;18px&#8220; text_font_size_phone=&#8220;16px&#8220; text_font_size_last_edited=&#8220;on|phone&#8220; header_font_size_tablet=&#8220;35px&#8220; header_font_size_phone=&#8220;26px&#8220; header_font_size_last_edited=&#8220;on|phone&#8220; header_2_font_size_tablet=&#8220;35px&#8220; header_2_font_size_phone=&#8220;26px&#8220; header_2_font_size_last_edited=&#8220;on|phone&#8220; header_2_line_height_tablet=&#8220;50px&#8220; header_2_line_height_phone=&#8220;35px&#8220; header_2_line_height_last_edited=&#8220;on|phone&#8220; custom_css_main_element=&#8220;font-weight: 400;&#8220; global_colors_info=&#8220;{}&#8220;]<\/p>\n<h2>AKTUELLES<br \/>f\u00fcr die Kunststoffprofis<\/h2>\n<p>[\/et_pb_text][\/et_pb_column][\/et_pb_row][et_pb_row column_structure=&#8220;1_2,1_2&#8243; _builder_version=&#8220;4.22.2&#8243; _module_preset=&#8220;default&#8220; custom_margin=&#8220;8px|auto||auto||&#8220; locked=&#8220;off&#8220; global_colors_info=&#8220;{}&#8220;][et_pb_column type=&#8220;1_2&#8243; _builder_version=&#8220;4.22.2&#8243; _module_preset=&#8220;default&#8220; global_colors_info=&#8220;{}&#8220;][et_pb_image src=&#8220;https:\/\/del-normalien.de\/wp-content\/uploads\/2023\/09\/Reinigungstuecher-f382599d.webp&#8220; title_text=&#8220;Reinigungstuecher-f382599d&#8220; align=&#8220;center&#8220; _builder_version=&#8220;4.22.2&#8243; _module_preset=&#8220;default&#8220; global_colors_info=&#8220;{}&#8220;][\/et_pb_image][\/et_pb_column][et_pb_column type=&#8220;1_2&#8243; _builder_version=&#8220;4.22.2&#8243; _module_preset=&#8220;default&#8220; background_color=&#8220;rgba(255,255,255,0.78)&#8220; custom_padding=&#8220;20px|20px|20px|20px|true|true&#8220; global_colors_info=&#8220;{}&#8220;][et_pb_text _builder_version=&#8220;4.22.2&#8243; _module_preset=&#8220;default&#8220; text_text_color=&#8220;gcid-738e5403-69f6-4eeb-82f5-a00f44b521e6&#8243; text_font_size=&#8220;15px&#8220; text_line_height=&#8220;1.6em&#8220; header_font=&#8220;|600|||||||&#8220; header_text_align=&#8220;center&#8220; header_text_color=&#8220;#000000&#8243; header_font_size=&#8220;42px&#8220; text_orientation=&#8220;justified&#8220; text_text_color_tablet=&#8220;#000000&#8243; text_text_color_phone=&#8220;#000000&#8243; text_text_color_last_edited=&#8220;on|phone&#8220; header_font_size_tablet=&#8220;35px&#8220; header_font_size_phone=&#8220;26px&#8220; header_font_size_last_edited=&#8220;on|phone&#8220; custom_css_main_element=&#8220;font-weight: 400;&#8220; global_colors_info=&#8220;{%22gcid-738e5403-69f6-4eeb-82f5-a00f44b521e6%22:%91%22text_text_color%22%93}&#8220;]<\/p>\n<p><strong>Neu im Programm &#8211; Reinigungst\u00fccher<\/strong><\/p>\n<p>Die Multi-T\u00fccher sind ideal, um schnell die H\u00e4nde, Werkzeuge oder Oberfl\u00e4chen zu reinigen. Dier festen T\u00fccher sind mit einem Hi-tech Reinigungsmittel versehen, welches auch antibakteriell ist. So k\u00f6nnen Sie schnell Schmutz, \u00d6l Klebstoffr\u00fcckst\u00e4nde, feuchte Farbr\u00fcckst\u00e4nde oder Schaum beseitigen.<\/p>\n<p>Die stabilen Rostl\u00f6ser-T\u00fccher sind mit einem Reiniger versehen, um Rost und starke Verschmutzung von metallischen Oberfl\u00e4chen zu beseitigen.<\/p>\n<p>Die Werkzeug-T\u00fccher sind speziell f\u00fcr den Einsatz an Werkzeugen entwickelt worden. Sie reinigen und entfetten die Werkzeugoberfl\u00e4chen, sind R\u00fcckstandsfrei auf der Oberfl\u00e4che und haben keine abrasive Wirkung!<\/p>\n<p>[\/et_pb_text][\/et_pb_column][\/et_pb_row][\/et_pb_section]<\/p>\n","protected":false},"excerpt":{"rendered":"<p>Alles f\u00fcr den Werkzeugbauund Kunststoffspritzguss DEL-Normalien ist der Full-Service-Lieferant f\u00fcr den Werkzeugmacher und Kunststoffverarbeiter. Von A wie Auswerferstifte bis Z wie Zentriereinheiten. DEL liefert schnell und verl\u00e4sslich Normalien, individuell gefertigte Sonderteile (Zeichnungsteile) und nat\u00fcrlich alles das, was der Kunststoffverarbeiter in der t\u00e4glichen Praxis an Peripherieger\u00e4ten und Verbrauchsmaterial ben\u00f6tigt. Unsere Qualit\u00e4tsprodukte k\u00f6nnen Sie auch ganz bequem [&hellip;]<\/p>\n","protected":false},"author":2,"featured_media":0,"parent":0,"menu_order":0,"comment_status":"closed","ping_status":"closed","template":"","meta":{"_et_pb_use_builder":"on","_et_pb_old_content":"","_et_gb_content_width":"","footnotes":""},"class_list":["post-17","page","type-page","status-publish","hentry"],"aioseo_notices":[],"acf":[],"_links":{"self":[{"href":"https:\/\/del-normalien.de\/index.php\/wp-json\/wp\/v2\/pages\/17","targetHints":{"allow":["GET"]}}],"collection":[{"href":"https:\/\/del-normalien.de\/index.php\/wp-json\/wp\/v2\/pages"}],"about":[{"href":"https:\/\/del-normalien.de\/index.php\/wp-json\/wp\/v2\/types\/page"}],"author":[{"embeddable":true,"href":"https:\/\/del-normalien.de\/index.php\/wp-json\/wp\/v2\/users\/2"}],"replies":[{"embeddable":true,"href":"https:\/\/del-normalien.de\/index.php\/wp-json\/wp\/v2\/comments?post=17"}],"version-history":[{"count":9,"href":"https:\/\/del-normalien.de\/index.php\/wp-json\/wp\/v2\/pages\/17\/revisions"}],"predecessor-version":[{"id":877,"href":"https:\/\/del-normalien.de\/index.php\/wp-json\/wp\/v2\/pages\/17\/revisions\/877"}],"wp:attachment":[{"href":"https:\/\/del-normalien.de\/index.php\/wp-json\/wp\/v2\/media?parent=17"}],"curies":[{"name":"wp","href":"https:\/\/api.w.org\/{rel}","templated":true}]}}