{"id":13,"date":"2023-09-22T14:03:18","date_gmt":"2023-09-22T14:03:18","guid":{"rendered":"https:\/\/del-normalien.de\/?page_id=13"},"modified":"2023-11-14T08:43:06","modified_gmt":"2023-11-14T08:43:06","slug":"del","status":"publish","type":"page","link":"https:\/\/del-normalien.de\/index.php\/del\/","title":{"rendered":"\u00dcber DEL"},"content":{"rendered":"<p>[et_pb_section fb_built=&#8220;1&#8243; _builder_version=&#8220;4.22.2&#8243; _module_preset=&#8220;default&#8220; background_image=&#8220;https:\/\/del-normalien.de\/wp-content\/uploads\/2023\/09\/MouldPro-Logo-Blue-Flat-V2-e0773ea5.webp&#8220; background_enable_video_mp4=&#8220;off&#8220; custom_padding=&#8220;11.4%||11.4%||true|false&#8220; global_colors_info=&#8220;{}&#8220;][et_pb_row _builder_version=&#8220;4.22.2&#8243; _module_preset=&#8220;default&#8220; global_colors_info=&#8220;{}&#8220;][et_pb_column type=&#8220;4_4&#8243; _builder_version=&#8220;4.22.2&#8243; _module_preset=&#8220;default&#8220; global_colors_info=&#8220;{}&#8220;][et_pb_text _builder_version=&#8220;4.22.2&#8243; _module_preset=&#8220;default&#8220; header_font=&#8220;|700|||||||&#8220; header_text_color=&#8220;#FFFFFF&#8220; header_font_size=&#8220;90px&#8220; header_line_height=&#8220;99px&#8220; text_orientation=&#8220;center&#8220; header_font_size_tablet=&#8220;38px&#8220; header_font_size_phone=&#8220;26px&#8220; header_font_size_last_edited=&#8220;on|phone&#8220; header_line_height_tablet=&#8220;99px&#8220; header_line_height_phone=&#8220;39.3px&#8220; header_line_height_last_edited=&#8220;on|phone&#8220; global_colors_info=&#8220;{}&#8220;]<\/p>\n<h1>Ihr zuverl\u00e4ssiger Partner<br \/>f\u00fcr Normalien und mehr \u2026<\/h1>\n<p>[\/et_pb_text][\/et_pb_column][\/et_pb_row][\/et_pb_section][et_pb_section fb_built=&#8220;1&#8243; _builder_version=&#8220;4.22.2&#8243; _module_preset=&#8220;default&#8220; global_colors_info=&#8220;{}&#8220;][et_pb_row _builder_version=&#8220;4.22.2&#8243; _module_preset=&#8220;default&#8220; global_colors_info=&#8220;{}&#8220;][et_pb_column type=&#8220;4_4&#8243; _builder_version=&#8220;4.22.2&#8243; _module_preset=&#8220;default&#8220; global_colors_info=&#8220;{}&#8220;][et_pb_text _builder_version=&#8220;4.22.2&#8243; _module_preset=&#8220;default&#8220; header_2_font=&#8220;|700|||||||&#8220; header_2_text_color=&#8220;gcid-548d1333-5268-49a0-b5aa-386bc78d5a69&#8243; header_2_font_size=&#8220;42px&#8220; header_2_line_height=&#8220;50px&#8220; text_orientation=&#8220;center&#8220; header_2_font_size_tablet=&#8220;35px&#8220; header_2_font_size_phone=&#8220;26px&#8220; header_2_font_size_last_edited=&#8220;on|phone&#8220; header_2_line_height_tablet=&#8220;50px&#8220; header_2_line_height_phone=&#8220;35px&#8220; header_2_line_height_last_edited=&#8220;on|phone&#8220; global_colors_info=&#8220;{%22gcid-548d1333-5268-49a0-b5aa-386bc78d5a69%22:%91%22header_2_text_color%22%93}&#8220;]<\/p>\n<h2>Unternehmenshistorie<\/h2>\n<p>[\/et_pb_text][\/et_pb_column][\/et_pb_row][et_pb_row column_structure=&#8220;1_2,1_2&#8243; _builder_version=&#8220;4.22.2&#8243; _module_preset=&#8220;default&#8220; width=&#8220;92%&#8220; width_tablet=&#8220;92%&#8220; width_phone=&#8220;80%&#8220; width_last_edited=&#8220;on|phone&#8220; max_width=&#8220;1280px&#8220; custom_padding=&#8220;15px|||||&#8220; global_colors_info=&#8220;{}&#8220;][et_pb_column type=&#8220;1_2&#8243; _builder_version=&#8220;4.22.2&#8243; _module_preset=&#8220;default&#8220; global_colors_info=&#8220;{}&#8220;][et_pb_text _builder_version=&#8220;4.22.2&#8243; _module_preset=&#8220;default&#8220; text_text_color=&#8220;#717171&#8243; custom_margin=&#8220;25px||||false|false&#8220; custom_padding=&#8220;||18px||false|false&#8220; custom_css_main_element=&#8220;vertical-align: text-top;||font-weight: 400;&#8220; border_width_bottom=&#8220;1px&#8220; border_color_bottom=&#8220;#c4c4c4&#8243; global_colors_info=&#8220;{}&#8220;]<\/p>\n<p><span style=\"font-size: 36px;\">2023<\/span>\u00a0 Moritz Warning ist neuer Inhaber und Gesch\u00e4ftsf\u00fchrer<\/p>\n<p>[\/et_pb_text][et_pb_text _builder_version=&#8220;4.22.2&#8243; _module_preset=&#8220;default&#8220; text_text_color=&#8220;#717171&#8243; custom_margin=&#8220;25px||||false|false&#8220; custom_padding=&#8220;||18px||false|false&#8220; custom_css_main_element=&#8220;vertical-align: text-top;||font-weight: 400;&#8220; border_width_bottom=&#8220;1px&#8220; border_color_bottom=&#8220;#c4c4c4&#8243; global_colors_info=&#8220;{}&#8220;]<\/p>\n<p><span style=\"font-size: 36px;\">2019 <\/span> \u00dcbernahme der Alpha Pr\u00e4zision Wolfgang Hollek GmbH<\/p>\n<p>[\/et_pb_text][et_pb_text _builder_version=&#8220;4.22.2&#8243; _module_preset=&#8220;default&#8220; text_text_color=&#8220;#717171&#8243; custom_padding=&#8220;||18px||false|false&#8220; custom_css_main_element=&#8220;vertical-align: text-top;||font-weight: 400;&#8220; border_width_bottom=&#8220;1px&#8220; border_color_bottom=&#8220;#c4c4c4&#8243; global_colors_info=&#8220;{}&#8220;]<\/p>\n<p><span style=\"font-size: 36px;\">2016 <\/span> Exklusiv-Vertretung DE von Mouldpro und Mouldflo\u00a0<\/p>\n<p>[\/et_pb_text][et_pb_text _builder_version=&#8220;4.22.2&#8243; _module_preset=&#8220;default&#8220; text_text_color=&#8220;#717171&#8243; custom_padding=&#8220;||18px||false|false&#8220; custom_css_main_element=&#8220;vertical-align: text-top;||font-weight: 400;&#8220; border_width_bottom=&#8220;1px&#8220; border_color_bottom=&#8220;#c4c4c4&#8243; global_colors_info=&#8220;{}&#8220;]<span style=\"font-size: 36px;\">2012 <\/span> \u00dcbernahme des Unternehmens durch Herrn J\u00f6rg Warning[\/et_pb_text][et_pb_text _builder_version=&#8220;4.22.2&#8243; _module_preset=&#8220;default&#8220; text_text_color=&#8220;#717171&#8243; custom_padding=&#8220;||18px||false|false&#8220; custom_css_main_element=&#8220;vertical-align: text-top;||font-weight: 400;&#8220; border_width_bottom=&#8220;1px&#8220; border_color_bottom=&#8220;#c4c4c4&#8243; global_colors_info=&#8220;{}&#8220;]<\/p>\n<p><span style=\"font-size: 36px;\">1995<\/span>\u00a0 Gr\u00fcndung von DEL-Normalien durch Herrn Dieter Ecks<\/p>\n<p>[\/et_pb_text][\/et_pb_column][et_pb_column type=&#8220;1_2&#8243; _builder_version=&#8220;4.22.2&#8243; _module_preset=&#8220;default&#8220; global_colors_info=&#8220;{}&#8220;][et_pb_image src=&#8220;https:\/\/del-normalien.de\/wp-content\/uploads\/2023\/10\/DEL-Normalien-Moritz-Warning.png&#8220; title_text=&#8220;DEL Normalien Moritz Warning&#8220; _builder_version=&#8220;4.22.2&#8243; _module_preset=&#8220;default&#8220; global_colors_info=&#8220;{}&#8220;][\/et_pb_image][\/et_pb_column][\/et_pb_row][\/et_pb_section][et_pb_section fb_built=&#8220;1&#8243; _builder_version=&#8220;4.23.1&#8243; _module_preset=&#8220;default&#8220; global_colors_info=&#8220;{}&#8220;][et_pb_row _builder_version=&#8220;4.23.1&#8243; _module_preset=&#8220;default&#8220; global_colors_info=&#8220;{}&#8220;][et_pb_column type=&#8220;4_4&#8243; _builder_version=&#8220;4.23.1&#8243; _module_preset=&#8220;default&#8220; global_colors_info=&#8220;{}&#8220;][et_pb_text _builder_version=&#8220;4.23.1&#8243; _module_preset=&#8220;default&#8220; hover_enabled=&#8220;0&#8243; global_colors_info=&#8220;{}&#8220; sticky_enabled=&#8220;0&#8243;]<\/p>\n<p><img loading=\"lazy\" decoding=\"async\" src=\"https:\/\/del-normalien.de\/wp-content\/uploads\/2023\/11\/mitglied_des_vdwf_rgb-300x134.webp\" width=\"300\" height=\"134\" alt=\"Mitglied des VDWF\" class=\"wp-image-776 size-medium\" style=\"float: left;\" srcset=\"https:\/\/del-normalien.de\/wp-content\/uploads\/2023\/11\/mitglied_des_vdwf_rgb-300x134.webp 300w, https:\/\/del-normalien.de\/wp-content\/uploads\/2023\/11\/mitglied_des_vdwf_rgb-1024x458.webp 1024w, https:\/\/del-normalien.de\/wp-content\/uploads\/2023\/11\/mitglied_des_vdwf_rgb-768x344.webp 768w, https:\/\/del-normalien.de\/wp-content\/uploads\/2023\/11\/mitglied_des_vdwf_rgb-1536x687.webp 1536w, https:\/\/del-normalien.de\/wp-content\/uploads\/2023\/11\/mitglied_des_vdwf_rgb-2048x916.webp 2048w, https:\/\/del-normalien.de\/wp-content\/uploads\/2023\/11\/mitglied_des_vdwf_rgb-610x273.webp 610w, https:\/\/del-normalien.de\/wp-content\/uploads\/2023\/11\/mitglied_des_vdwf_rgb-1080x483.webp 1080w, https:\/\/del-normalien.de\/wp-content\/uploads\/2023\/11\/mitglied_des_vdwf_rgb-1280x573.webp 1280w, https:\/\/del-normalien.de\/wp-content\/uploads\/2023\/11\/mitglied_des_vdwf_rgb-980x438.webp 980w, https:\/\/del-normalien.de\/wp-content\/uploads\/2023\/11\/mitglied_des_vdwf_rgb-480x215.webp 480w\" sizes=\"(max-width: 300px) 100vw, 300px\" \/><img loading=\"lazy\" decoding=\"async\" src=\"https:\/\/del-normalien.de\/wp-content\/uploads\/2023\/11\/211129_LOGO_KIMW_Standard-300x150.png\" width=\"300\" height=\"150\" alt=\"\" class=\"wp-image-777 size-medium\" style=\"display: block; margin-left: auto; margin-right: auto;\" \/><\/p>\n<p>[\/et_pb_text][\/et_pb_column][\/et_pb_row][\/et_pb_section][et_pb_section fb_built=&#8220;1&#8243; _builder_version=&#8220;4.22.2&#8243; _module_preset=&#8220;default&#8220; background_color=&#8220;gcid-60a3492b-f221-4ef1-a686-d39251d9bbd8&#8243; global_colors_info=&#8220;{%22gcid-60a3492b-f221-4ef1-a686-d39251d9bbd8%22:%91%22background_color%22%93}&#8220;][et_pb_row column_structure=&#8220;1_2,1_2&#8243; _builder_version=&#8220;4.22.2&#8243; _module_preset=&#8220;default&#8220; width=&#8220;92%&#8220; width_tablet=&#8220;92%&#8220; width_phone=&#8220;80%&#8220; width_last_edited=&#8220;on|phone&#8220; max_width=&#8220;1280px&#8220; custom_padding=&#8220;15px|||||&#8220; global_colors_info=&#8220;{}&#8220;][et_pb_column type=&#8220;1_2&#8243; _builder_version=&#8220;4.22.2&#8243; _module_preset=&#8220;default&#8220; global_colors_info=&#8220;{}&#8220;][et_pb_image src=&#8220;https:\/\/del-normalien.de\/wp-content\/uploads\/2023\/10\/Wiebke-Moritz-071-683&#215;1024.jpg&#8220; alt=&#8220;Gesch\u00e4ftsf\u00fchrer Moritz Warning Portrait&#8220; title_text=&#8220;Moritz Warning&#8220; _builder_version=&#8220;4.22.2&#8243; _module_preset=&#8220;default&#8220; animation_style=&#8220;slide&#8220; animation_intensity_slide=&#8220;4%&#8220; global_colors_info=&#8220;{}&#8220;][\/et_pb_image][et_pb_text _builder_version=&#8220;4.22.2&#8243; _module_preset=&#8220;default&#8220; text_text_color=&#8220;rgba(255,255,255,0.7)&#8220; text_font_size=&#8220;19px&#8220; global_colors_info=&#8220;{}&#8220;]<\/p>\n<p>Moritz Warning &#8211; Gesch\u00e4ftsf\u00fchrer<\/p>\n<p>[\/et_pb_text][\/et_pb_column][et_pb_column type=&#8220;1_2&#8243; _builder_version=&#8220;4.22.2&#8243; _module_preset=&#8220;default&#8220; global_colors_info=&#8220;{}&#8220;][et_pb_text _builder_version=&#8220;4.22.2&#8243; _module_preset=&#8220;default&#8220; text_text_color=&#8220;#FFFFFF&#8220; text_font_size=&#8220;19px&#8220; text_line_height=&#8220;1.5em&#8220; animation_intensity_slide=&#8220;4%&#8220; custom_css_main_element=&#8220;font-weight : 400;&#8220; global_colors_info=&#8220;{}&#8220;]<\/p>\n<p>Unser Anspruch und Erfolg ist gepr\u00e4gt von einer maximalen Kundenorientierung. Darunter verstehen wir nicht nur eine hohe Verf\u00fcgbarkeit und schnelle Lieferzeit, sondern einen erstklassigen und individuellen Service.<\/p>\n<p>Selbstverst\u00e4ndlich haben wir dabei Ihre Qualit\u00e4tsanforderungen im Blick. Gleichzeitig profitieren Sie von unserer langj\u00e4hrigen Erfahrung und hoher Produktkompetenz und einem hervorragenden Preis-Leistungsverh\u00e4ltnis.<\/p>\n<p>Seit Jahren beste Erfahrungen im Umgang mit verschiedensten Werkstoffen und deren Verarbeitung. Was auch immer Sie ben\u00f6tigen \u2014 wir sind Ihr Partner f\u00fcr die passenden Normalien im Werkzeugbau. Unsere hochmodernen Durchflussysteme, die bemerkenswerte Kompatibilit\u00e4t unseres Produktspektrums und eine kontinuierliche, enge Zusammenarbeit mit unserer Kundschaft aus dem Werkzeug- und Maschinenbau garantieren Ihnen stets genau den Service, den Sie gerade brauchen.<\/p>\n<p>&nbsp;<\/p>\n<p>&nbsp;<\/p>\n<p>Ich freue mich auf unsere Zusammenarbeit, Ihr Moritz Warning.<\/p>\n<p>&nbsp;<\/p>\n<p>[\/et_pb_text][\/et_pb_column][\/et_pb_row][\/et_pb_section]<\/p>\n","protected":false},"excerpt":{"rendered":"<p>Ihr zuverl\u00e4ssiger Partnerf\u00fcr Normalien und mehr \u2026Unternehmenshistorie2023\u00a0 Moritz Warning ist neuer Inhaber und Gesch\u00e4ftsf\u00fchrer2019 \u00dcbernahme der Alpha Pr\u00e4zision Wolfgang Hollek GmbH2016 Exklusiv-Vertretung DE von Mouldpro und Mouldflo\u00a02012 \u00dcbernahme des Unternehmens durch Herrn J\u00f6rg Warning1995\u00a0 Gr\u00fcndung von DEL-Normalien durch Herrn Dieter EcksMoritz Warning &#8211; Gesch\u00e4ftsf\u00fchrerUnser Anspruch und Erfolg ist gepr\u00e4gt von einer maximalen Kundenorientierung. Darunter verstehen [&hellip;]<\/p>\n","protected":false},"author":2,"featured_media":0,"parent":0,"menu_order":0,"comment_status":"closed","ping_status":"closed","template":"","meta":{"_et_pb_use_builder":"on","_et_pb_old_content":"","_et_gb_content_width":"","footnotes":""},"class_list":["post-13","page","type-page","status-publish","hentry"],"aioseo_notices":[],"acf":[],"_links":{"self":[{"href":"https:\/\/del-normalien.de\/index.php\/wp-json\/wp\/v2\/pages\/13","targetHints":{"allow":["GET"]}}],"collection":[{"href":"https:\/\/del-normalien.de\/index.php\/wp-json\/wp\/v2\/pages"}],"about":[{"href":"https:\/\/del-normalien.de\/index.php\/wp-json\/wp\/v2\/types\/page"}],"author":[{"embeddable":true,"href":"https:\/\/del-normalien.de\/index.php\/wp-json\/wp\/v2\/users\/2"}],"replies":[{"embeddable":true,"href":"https:\/\/del-normalien.de\/index.php\/wp-json\/wp\/v2\/comments?post=13"}],"version-history":[{"count":9,"href":"https:\/\/del-normalien.de\/index.php\/wp-json\/wp\/v2\/pages\/13\/revisions"}],"predecessor-version":[{"id":784,"href":"https:\/\/del-normalien.de\/index.php\/wp-json\/wp\/v2\/pages\/13\/revisions\/784"}],"wp:attachment":[{"href":"https:\/\/del-normalien.de\/index.php\/wp-json\/wp\/v2\/media?parent=13"}],"curies":[{"name":"wp","href":"https:\/\/api.w.org\/{rel}","templated":true}]}}